{"id":6,"date":"2021-01-28T23:00:55","date_gmt":"2021-01-28T23:00:55","guid":{"rendered":"http:\/\/st-barnabaschurch.com\/?page_id=6"},"modified":"2026-04-14T10:27:19","modified_gmt":"2026-04-14T15:27:19","slug":"website-setup-business-theme","status":"publish","type":"page","link":"https:\/\/st-barnabaschurch.com\/","title":{"rendered":"Peace be with you&#8230;"},"content":{"rendered":"\n<p>&nbsp;All are welcome to come and worship, Sundays at 10:00 a.m.  <br><a href=\"https:\/\/www.mapquest.com\/ca\/quebec\/saint-barnabas-church-359247430\" target=\"_blank\" rel=\"noreferrer noopener\">95, avenue Lorne, Saint-Lambert,&nbsp;QC&nbsp; J4P 2G7<\/a><\/p>\n\n\n\n<figure class=\"wp-block-image size-full is-resized\"><img loading=\"lazy\" decoding=\"async\" width=\"720\" height=\"270\" src=\"https:\/\/st-barnabaschurch.com\/wp-content\/uploads\/2026\/04\/FB-Header-April-19.gif\" alt=\"\" class=\"wp-image-4560\" style=\"width:840px;height:auto\"\/><\/figure>\n\n\n\n<p class=\"has-black-color has-text-color has-link-color wp-elements-646e707a8ebefe1a4af73d37a5599ea4\">\u201cSave yourselves from this corrupt generation\u201d | \u00ab\u00a0Acceptez le salut pour n&#8217;avoir pas le sort de ces gens perdus\u00a0!\u00a0\u00bb<br><a href=\"https:\/\/www.biblegateway.com\/passage\/?search=Acts%202%3A14%2C%2022-32%3B%20Psalm%2016%3B%201%20Peter%201%3A3-9%3B%20John%2020%3A19-31&amp;version=NRSVA;BDS;NIV\"><\/a><a href=\"https:\/\/www.biblegateway.com\/passage\/?search=ACTS%202%3A14%2C%2036-41%3B%20PSALM%20116%3A1-3%2C%2010-17%3B%201%20PETER%201%3A17-23%3B%20LUKE%2024%3A13-35&amp;version=NRSVA;BDS;NIV\">ACTS 2:14, 36-41; PSALM 116:1-3, 10-17; 1 PETER 1:17-23; LUKE 24:13-35<\/a><\/p>\n\n\n\n<p>La paz sea con vosotros, S\u00ed, bienvenidos a Sainte Barnabas. <br>Nuestro servicio de ingl\u00e9s con franc\u00e9s comienza cada domingo por la ma\u00f1ana a las 10:00 a.m.<\/p>\n\n\n\n<figure class=\"wp-block-image size-large\"><img loading=\"lazy\" decoding=\"async\" width=\"1024\" height=\"768\" src=\"https:\/\/st-barnabaschurch.com\/wp-content\/uploads\/2022\/07\/Rev-Brian-at-St-B-1024x768.jpeg\" alt=\"\" class=\"wp-image-1446\" srcset=\"https:\/\/st-barnabaschurch.com\/wp-content\/uploads\/2022\/07\/Rev-Brian-at-St-B-1024x768.jpeg 1024w, https:\/\/st-barnabaschurch.com\/wp-content\/uploads\/2022\/07\/Rev-Brian-at-St-B-300x225.jpeg 300w, https:\/\/st-barnabaschurch.com\/wp-content\/uploads\/2022\/07\/Rev-Brian-at-St-B-768x576.jpeg 768w, https:\/\/st-barnabaschurch.com\/wp-content\/uploads\/2022\/07\/Rev-Brian-at-St-B-1536x1152.jpeg 1536w, https:\/\/st-barnabaschurch.com\/wp-content\/uploads\/2022\/07\/Rev-Brian-at-St-B-2048x1536.jpeg 2048w\" sizes=\"auto, (max-width: 1024px) 100vw, 1024px\" \/><figcaption class=\"wp-element-caption\">Join us on Sunday Mornings at 10:00AM; Know you are Welcome<\/figcaption><\/figure>\n\n\n\n<p class=\"has-text-align-left\"><\/p>\n\n\n\n<figure class=\"wp-block-image size-large is-resized\"><img loading=\"lazy\" decoding=\"async\" width=\"767\" height=\"1024\" src=\"https:\/\/st-barnabaschurch.com\/wp-content\/uploads\/2023\/07\/The-Altar-St-b-767x1024.jpeg\" alt=\"\" class=\"wp-image-2305\" style=\"width:838px;height:1119px\" srcset=\"https:\/\/st-barnabaschurch.com\/wp-content\/uploads\/2023\/07\/The-Altar-St-b-767x1024.jpeg 767w, https:\/\/st-barnabaschurch.com\/wp-content\/uploads\/2023\/07\/The-Altar-St-b-225x300.jpeg 225w, https:\/\/st-barnabaschurch.com\/wp-content\/uploads\/2023\/07\/The-Altar-St-b-768x1026.jpeg 768w, https:\/\/st-barnabaschurch.com\/wp-content\/uploads\/2023\/07\/The-Altar-St-b-1150x1536.jpeg 1150w, https:\/\/st-barnabaschurch.com\/wp-content\/uploads\/2023\/07\/The-Altar-St-b-1534x2048.jpeg 1534w, https:\/\/st-barnabaschurch.com\/wp-content\/uploads\/2023\/07\/The-Altar-St-b-scaled.jpeg 1917w\" sizes=\"auto, (max-width: 767px) 100vw, 767px\" \/><figcaption class=\"wp-element-caption\">The Eucharist, the Lord\u2019s Table, is open to all with Sincere and Glad hearts. <br>Please come and receive the bread and the cup.<br>Taking bread, Jesus blessed it, broke it, and gave it to them, saying, \u201cThis is my body, given for you. Eat it in my memory.\u201d<br>He did the same with the cup after supper, saying, \u201cThis cup is the new covenant written in my blood, blood poured out for you. <sup>Luke 22:19-20<\/sup><\/figcaption><\/figure>\n\n\n\n<p>\u00ab Ceci est mon corps qui est donn\u00e9 pour vous. Faites ceci en m\u00e9moire de moi. \u00bb&nbsp;<br>Il leur donna de m\u00eame la coupe, apr\u00e8s le repas, en disant :&nbsp;<br>\u00ab Cette coupe est la nouvelle&nbsp;alliance, qui est conclue gr\u00e2ce \u00e0 mon sang vers\u00e9 pour vous. <sup>Luc 22:19-20<\/sup><\/p>\n\n\n\n<p><strong>A&nbsp;message from our Bishop:<\/strong>&nbsp;&nbsp;I would like to reaffirm my unwavering commitment to working to restore trust in our relationships. It is therefore our collective responsibility to implement a more effective Safe Church Policy. I am aware that the people of our diocese have&nbsp;high expectations&nbsp;on this matter. For that reason, Diocesan Council has commissioned a&nbsp;<em>Safe Church Review Committee<\/em>&nbsp;to conduct a thorough review of our policies and write a new, permanent policy which will be aligned with best practice, both in its process and in its care for those who have been harmed. To do&nbsp;that work&nbsp;well, however, will take time, but it is important to safeguard our communities now. &nbsp;<\/p>\n\n\n\n<p>It is with this in mind that the Chancellor, the Vicar General, and I have worked to develop an&nbsp;interim&nbsp;<em>Safe Church Policy<\/em>&nbsp;which is clear, simple to use, and will ensure that any complaints are addressed in a fair and impartial manner, and that both complainants and accused parties receive appropriate pastoral and spiritual support during the resolution of any issues raised. That interim policy was unanimously adopted by Diocesan Council at its meeting in January for immediate implementation. &nbsp;You can find it on our website at: &nbsp;<a href=\"https:\/\/www.montreal.anglican.ca\/safe-church\" target=\"_blank\" rel=\"noreferrer noopener\">https:\/\/www.montreal.anglican.ca\/safe-church<\/a>&nbsp;&nbsp;Any complaints which arise need to be brought to the attention of the Ombudsperson, whose contact details are available on our website.&nbsp;<\/p>\n","protected":false},"excerpt":{"rendered":"<p>&nbsp;All are welcome to come and worship, Sundays at 10:00 a.m. 95, avenue Lorne, Saint-Lambert,&nbsp;QC&nbsp; J4P 2G7 \u201cSave yourselves from this corrupt generation\u201d | \u00ab\u00a0Acceptez le salut pour n&#8217;avoir pas&hellip;<\/p>\n","protected":false},"author":1,"featured_media":4552,"parent":0,"menu_order":0,"comment_status":"closed","ping_status":"closed","template":"page-templates\/fullwidth.php","meta":{"footnotes":""},"class_list":["post-6","page","type-page","status-publish","has-post-thumbnail","hentry"],"_links":{"self":[{"href":"https:\/\/st-barnabaschurch.com\/index.php\/wp-json\/wp\/v2\/pages\/6","targetHints":{"allow":["GET"]}}],"collection":[{"href":"https:\/\/st-barnabaschurch.com\/index.php\/wp-json\/wp\/v2\/pages"}],"about":[{"href":"https:\/\/st-barnabaschurch.com\/index.php\/wp-json\/wp\/v2\/types\/page"}],"author":[{"embeddable":true,"href":"https:\/\/st-barnabaschurch.com\/index.php\/wp-json\/wp\/v2\/users\/1"}],"replies":[{"embeddable":true,"href":"https:\/\/st-barnabaschurch.com\/index.php\/wp-json\/wp\/v2\/comments?post=6"}],"version-history":[{"count":407,"href":"https:\/\/st-barnabaschurch.com\/index.php\/wp-json\/wp\/v2\/pages\/6\/revisions"}],"predecessor-version":[{"id":4562,"href":"https:\/\/st-barnabaschurch.com\/index.php\/wp-json\/wp\/v2\/pages\/6\/revisions\/4562"}],"wp:featuredmedia":[{"embeddable":true,"href":"https:\/\/st-barnabaschurch.com\/index.php\/wp-json\/wp\/v2\/media\/4552"}],"wp:attachment":[{"href":"https:\/\/st-barnabaschurch.com\/index.php\/wp-json\/wp\/v2\/media?parent=6"}],"curies":[{"name":"wp","href":"https:\/\/api.w.org\/{rel}","templated":true}]}}