{"id":3034,"date":"2024-06-13T14:27:21","date_gmt":"2024-06-13T14:27:21","guid":{"rendered":"https:\/\/st-barnabaschurch.com\/?page_id=3034"},"modified":"2026-01-15T16:53:27","modified_gmt":"2026-01-15T16:53:27","slug":"bienvenidos-a-sainte-barnabas","status":"publish","type":"page","link":"https:\/\/st-barnabaschurch.com\/index.php\/bienvenidos-a-sainte-barnabas\/","title":{"rendered":"bienvenidos a Sainte Barnabas"},"content":{"rendered":"\n<p>S\u00ed, bienvenidos a Sainte Barnabas. Confiamos en que nuestras liturgias te resulten familiares y permitir\u00e1s que el Esp\u00edritu Santo te hable. Esperamos comenzar un Ministerio dedicado al espa\u00f1ol en un futuro cercano y oramos para que encuentres la manera de estar con nosotros pronto.<br><a href=\"https:\/\/www.mapquest.com\/ca\/quebec\/saint-barnabas-church-359247430\">Nuestro servicio de ingl\u00e9s con franc\u00e9s comienza cada domingo por la ma\u00f1ana a las 10:00 a.m.<\/a><\/p>\n\n\n\n<p>Mientras tanto, visita a nuestros socios en la Catedral para su servicio el cuarto s\u00e1bado de cada mes a las 10:30 a.m.<\/p>\n\n\n\n<figure class=\"wp-block-image size-large is-resized\"><img loading=\"lazy\" decoding=\"async\" width=\"1024\" height=\"576\" src=\"https:\/\/st-barnabaschurch.com\/wp-content\/uploads\/2024\/06\/MinisterioLatino-1024x576.jpeg\" alt=\"\" class=\"wp-image-3036\" style=\"width:1000px;height:550px\" srcset=\"https:\/\/st-barnabaschurch.com\/wp-content\/uploads\/2024\/06\/MinisterioLatino-1024x576.jpeg 1024w, https:\/\/st-barnabaschurch.com\/wp-content\/uploads\/2024\/06\/MinisterioLatino-300x169.jpeg 300w, https:\/\/st-barnabaschurch.com\/wp-content\/uploads\/2024\/06\/MinisterioLatino-768x432.jpeg 768w, https:\/\/st-barnabaschurch.com\/wp-content\/uploads\/2024\/06\/MinisterioLatino-1536x864.jpeg 1536w, https:\/\/st-barnabaschurch.com\/wp-content\/uploads\/2024\/06\/MinisterioLatino-2048x1152.jpeg 2048w\" sizes=\"auto, (max-width: 1024px) 100vw, 1024px\" \/><figcaption class=\"wp-element-caption\"><a href=\"mailto:fresiasaborio@gmail.com\">Learn more<\/a> Env\u00ede un correo electr\u00f3nico a la Reverenda Fresia Saborio&#8230;<\/figcaption><\/figure>\n\n\n\n<p>Nos complace anunciar un nuevo proyecto piloto: Un Servicio Latino Anglicano Mensual en la Catedral de Christ Church, Montreal &#8211; <a href=\"https:\/\/www.facebook.com\/ChristChurchMTL?__cft__[0]=AZUqjQORzUaNsWuxGdEDJ-sfGbISyM4T8SdW4CRR06aJZWnrEPJggSYDObMU9zzGnuIUDNPbFiwY_DF89kcueFAcwbHTHJp3MDvtv4ReX42qDc8g0aGitdpLN_eLJW5H51E&amp;__tn__=-]K-R\">Cath\u00e9drale Christ Church Cathedral, Montr\u00e9al<\/a>.. \u00a1\u00danase a nosotros!<\/p>\n","protected":false},"excerpt":{"rendered":"<p>S\u00ed, bienvenidos a Sainte Barnabas. Confiamos en que nuestras liturgias te resulten familiares y permitir\u00e1s que el Esp\u00edritu Santo te hable. Esperamos comenzar un Ministerio dedicado al espa\u00f1ol en un&hellip;<\/p>\n","protected":false},"author":1,"featured_media":3052,"parent":0,"menu_order":0,"comment_status":"closed","ping_status":"closed","template":"","meta":{"footnotes":""},"class_list":["post-3034","page","type-page","status-publish","has-post-thumbnail","hentry"],"_links":{"self":[{"href":"https:\/\/st-barnabaschurch.com\/index.php\/wp-json\/wp\/v2\/pages\/3034","targetHints":{"allow":["GET"]}}],"collection":[{"href":"https:\/\/st-barnabaschurch.com\/index.php\/wp-json\/wp\/v2\/pages"}],"about":[{"href":"https:\/\/st-barnabaschurch.com\/index.php\/wp-json\/wp\/v2\/types\/page"}],"author":[{"embeddable":true,"href":"https:\/\/st-barnabaschurch.com\/index.php\/wp-json\/wp\/v2\/users\/1"}],"replies":[{"embeddable":true,"href":"https:\/\/st-barnabaschurch.com\/index.php\/wp-json\/wp\/v2\/comments?post=3034"}],"version-history":[{"count":4,"href":"https:\/\/st-barnabaschurch.com\/index.php\/wp-json\/wp\/v2\/pages\/3034\/revisions"}],"predecessor-version":[{"id":4259,"href":"https:\/\/st-barnabaschurch.com\/index.php\/wp-json\/wp\/v2\/pages\/3034\/revisions\/4259"}],"wp:featuredmedia":[{"embeddable":true,"href":"https:\/\/st-barnabaschurch.com\/index.php\/wp-json\/wp\/v2\/media\/3052"}],"wp:attachment":[{"href":"https:\/\/st-barnabaschurch.com\/index.php\/wp-json\/wp\/v2\/media?parent=3034"}],"curies":[{"name":"wp","href":"https:\/\/api.w.org\/{rel}","templated":true}]}}