{"id":2230,"date":"2023-06-14T20:35:19","date_gmt":"2023-06-14T20:35:19","guid":{"rendered":"https:\/\/st-barnabaschurch.com\/?page_id=2230"},"modified":"2026-04-13T14:44:58","modified_gmt":"2026-04-13T19:44:58","slug":"lensemble-vocal-anemone","status":"publish","type":"page","link":"https:\/\/st-barnabaschurch.com\/index.php\/lensemble-vocal-anemone\/","title":{"rendered":"L\u2019Ensemble vocal An\u00e9mone\u00a0"},"content":{"rendered":"\n<div class=\"wp-block-buttons is-layout-flex wp-block-buttons-is-layout-flex\">\n<div class=\"wp-block-button has-custom-width wp-block-button__width-50 is-style-outline is-style-outline--1\"><a class=\"wp-block-button__link has-black-background-color has-text-color has-background has-small-font-size has-custom-font-size wp-element-button\" href=\"https:\/\/evanemone.com\" style=\"border-radius:16px;color:#f6db90\" target=\"_blank\" rel=\"noreferrer noopener\">evanemone.com<\/a><\/div>\n<\/div>\n\n\n\n<p class=\"has-small-font-size\"><\/p>\n\n\n\n<figure class=\"wp-block-image size-large is-resized\"><img loading=\"lazy\" decoding=\"async\" width=\"813\" height=\"1024\" src=\"https:\/\/st-barnabaschurch.com\/wp-content\/uploads\/2026\/04\/Reserve-your-tickets-now-through-Yvan-Sabourin-Yvansabourin@videotron.ca_-813x1024.jpg\" alt=\"\" class=\"wp-image-4556\" style=\"aspect-ratio:0.6;width:800px\" srcset=\"https:\/\/st-barnabaschurch.com\/wp-content\/uploads\/2026\/04\/Reserve-your-tickets-now-through-Yvan-Sabourin-Yvansabourin@videotron.ca_-813x1024.jpg 813w, https:\/\/st-barnabaschurch.com\/wp-content\/uploads\/2026\/04\/Reserve-your-tickets-now-through-Yvan-Sabourin-Yvansabourin@videotron.ca_-238x300.jpg 238w, https:\/\/st-barnabaschurch.com\/wp-content\/uploads\/2026\/04\/Reserve-your-tickets-now-through-Yvan-Sabourin-Yvansabourin@videotron.ca_-768x967.jpg 768w, https:\/\/st-barnabaschurch.com\/wp-content\/uploads\/2026\/04\/Reserve-your-tickets-now-through-Yvan-Sabourin-Yvansabourin@videotron.ca_-1220x1536.jpg 1220w, https:\/\/st-barnabaschurch.com\/wp-content\/uploads\/2026\/04\/Reserve-your-tickets-now-through-Yvan-Sabourin-Yvansabourin@videotron.ca_-1627x2048.jpg 1627w, https:\/\/st-barnabaschurch.com\/wp-content\/uploads\/2026\/04\/Reserve-your-tickets-now-through-Yvan-Sabourin-Yvansabourin@videotron.ca_-scaled.jpg 2034w\" sizes=\"auto, (max-width: 813px) 100vw, 813px\" \/><figcaption class=\"wp-element-caption\">Vous l&#8217;attendiez, le voici!<a href=\"https:\/\/www.facebook.com\/Anemone.chef\/posts\/pfbid02W5vCx8TQquks5Fntt7gZ2NsgxpE2pyz9ZsM1gecgRcbYxjHyoHZZwyjcWDNr5BrLl\" target=\"_blank\" rel=\"noreferrer noopener\"> L&#8217;ensemble vocal An\u00e9mone et le Ch\u0153ur de femmes de Sherbrooke pr\u00e9sentent le concert UNIES<\/a> :<\/figcaption><\/figure>\n\n\n<div class=\"wp-block-image\">\n<figure class=\"aligncenter size-large\"><img loading=\"lazy\" decoding=\"async\" width=\"1024\" height=\"576\" src=\"https:\/\/st-barnabaschurch.com\/wp-content\/uploads\/2025\/01\/16x9-Sabourin.001-1024x576.jpeg\" alt=\"\" class=\"wp-image-3462\" srcset=\"https:\/\/st-barnabaschurch.com\/wp-content\/uploads\/2025\/01\/16x9-Sabourin.001-1024x576.jpeg 1024w, https:\/\/st-barnabaschurch.com\/wp-content\/uploads\/2025\/01\/16x9-Sabourin.001-300x169.jpeg 300w, https:\/\/st-barnabaschurch.com\/wp-content\/uploads\/2025\/01\/16x9-Sabourin.001-768x432.jpeg 768w, https:\/\/st-barnabaschurch.com\/wp-content\/uploads\/2025\/01\/16x9-Sabourin.001-1536x864.jpeg 1536w, https:\/\/st-barnabaschurch.com\/wp-content\/uploads\/2025\/01\/16x9-Sabourin.001.jpeg 1920w\" sizes=\"auto, (max-width: 1024px) 100vw, 1024px\" \/><\/figure><\/div>\n\n\n<p><em><strong>L\u2019Ensemble vocal An\u00e9mone<\/strong><\/em> est un ch\u0153ur intimiste de voix de femmes de la rive-sud de Montr\u00e9al qui a l\u2019\u00c9glise Saint-Barnabas comme lieu de pratique. Sa direction artistique est assur\u00e9e par <em><strong>Yvan Sabourin<\/strong> <\/em>depuis sa fondation en 2012.<\/p>\n\n\n\n<p>Ensemble, les membres d\u2019An\u00e9mone travaillent \u00e0 d\u00e9velopper un son afin de cr\u00e9er le beau et toucher l\u2019Autre. Les rencontres leur permettent de se d\u00e9passer, de vivre des moments musicaux o\u00f9 la voix et le son sont au centre de leur travail, le tout dans un climat de d\u00e9tente et de s\u00e9rieux.<\/p>\n\n\n\n<p>Le r\u00e9pertoire de cette formation est compos\u00e9 d\u2019\u0153uvres de ma\u00eetres anciens et classiques tels Hildegard von Bingen, Jean-S\u00e9bastien Bach, Mozart, mais aussi de compositeurs contemporains : Eric Whitacre, Ola Gjeilo, Karl Jenkins.<\/p>\n\n\n\n<p>\u00c0 chacune de ses prestations, le public est s\u00e9duit par cette formation originale regroupant des voix aux sonorit\u00e9s riches et sensibles.<\/p>\n\n\n<div class=\"wp-block-image\">\n<figure class=\"aligncenter size-full\"><img loading=\"lazy\" decoding=\"async\" width=\"500\" height=\"500\" src=\"https:\/\/st-barnabaschurch.com\/wp-content\/uploads\/2025\/01\/Logo-Anemone-2.jpg\" alt=\"\" class=\"wp-image-3437\" srcset=\"https:\/\/st-barnabaschurch.com\/wp-content\/uploads\/2025\/01\/Logo-Anemone-2.jpg 500w, https:\/\/st-barnabaschurch.com\/wp-content\/uploads\/2025\/01\/Logo-Anemone-2-300x300.jpg 300w, https:\/\/st-barnabaschurch.com\/wp-content\/uploads\/2025\/01\/Logo-Anemone-2-150x150.jpg 150w\" sizes=\"auto, (max-width: 500px) 100vw, 500px\" \/><\/figure><\/div>","protected":false},"excerpt":{"rendered":"<p>L\u2019Ensemble vocal An\u00e9mone est un ch\u0153ur intimiste de voix de femmes de la rive-sud de Montr\u00e9al qui a l\u2019\u00c9glise Saint-Barnabas comme lieu de pratique. Sa direction artistique est assur\u00e9e par&hellip;<\/p>\n","protected":false},"author":1,"featured_media":3447,"parent":0,"menu_order":0,"comment_status":"closed","ping_status":"closed","template":"","meta":{"footnotes":""},"class_list":["post-2230","page","type-page","status-publish","has-post-thumbnail","hentry"],"_links":{"self":[{"href":"https:\/\/st-barnabaschurch.com\/index.php\/wp-json\/wp\/v2\/pages\/2230","targetHints":{"allow":["GET"]}}],"collection":[{"href":"https:\/\/st-barnabaschurch.com\/index.php\/wp-json\/wp\/v2\/pages"}],"about":[{"href":"https:\/\/st-barnabaschurch.com\/index.php\/wp-json\/wp\/v2\/types\/page"}],"author":[{"embeddable":true,"href":"https:\/\/st-barnabaschurch.com\/index.php\/wp-json\/wp\/v2\/users\/1"}],"replies":[{"embeddable":true,"href":"https:\/\/st-barnabaschurch.com\/index.php\/wp-json\/wp\/v2\/comments?post=2230"}],"version-history":[{"count":22,"href":"https:\/\/st-barnabaschurch.com\/index.php\/wp-json\/wp\/v2\/pages\/2230\/revisions"}],"predecessor-version":[{"id":4559,"href":"https:\/\/st-barnabaschurch.com\/index.php\/wp-json\/wp\/v2\/pages\/2230\/revisions\/4559"}],"wp:featuredmedia":[{"embeddable":true,"href":"https:\/\/st-barnabaschurch.com\/index.php\/wp-json\/wp\/v2\/media\/3447"}],"wp:attachment":[{"href":"https:\/\/st-barnabaschurch.com\/index.php\/wp-json\/wp\/v2\/media?parent=2230"}],"curies":[{"name":"wp","href":"https:\/\/api.w.org\/{rel}","templated":true}]}}